{"id":4270,"date":"2021-03-18T09:06:15","date_gmt":"2021-03-18T08:06:15","guid":{"rendered":"https:\/\/www.ventrada.de\/proyectos\/"},"modified":"2025-02-26T20:00:46","modified_gmt":"2025-02-26T19:00:46","slug":"operaciones","status":"publish","type":"page","link":"https:\/\/www.ventrada.de\/es\/operaciones\/","title":{"rendered":"Operaciones en Curso"},"content":{"rendered":"\t\t<div data-elementor-type=\"wp-post\" data-elementor-id=\"4270\" class=\"elementor elementor-4270\">\n\t\t\t\t\t\t<section class=\"elementor-section elementor-top-section elementor-element elementor-element-c1ef2cd elementor-section-full_width elementor-section-height-default elementor-section-height-default\" data-id=\"c1ef2cd\" data-element_type=\"section\" data-settings=\"{&quot;jet_parallax_layout_list&quot;:[{&quot;jet_parallax_layout_image&quot;:{&quot;url&quot;:&quot;&quot;,&quot;id&quot;:&quot;&quot;,&quot;size&quot;:&quot;&quot;},&quot;_id&quot;:&quot;3c3746a&quot;,&quot;jet_parallax_layout_image_tablet&quot;:{&quot;url&quot;:&quot;&quot;,&quot;id&quot;:&quot;&quot;,&quot;size&quot;:&quot;&quot;},&quot;jet_parallax_layout_image_mobile&quot;:{&quot;url&quot;:&quot;&quot;,&quot;id&quot;:&quot;&quot;,&quot;size&quot;:&quot;&quot;},&quot;jet_parallax_layout_speed&quot;:{&quot;unit&quot;:&quot;%&quot;,&quot;size&quot;:50,&quot;sizes&quot;:[]},&quot;jet_parallax_layout_type&quot;:&quot;scroll&quot;,&quot;jet_parallax_layout_direction&quot;:null,&quot;jet_parallax_layout_fx_direction&quot;:null,&quot;jet_parallax_layout_z_index&quot;:&quot;&quot;,&quot;jet_parallax_layout_bg_x&quot;:50,&quot;jet_parallax_layout_bg_x_tablet&quot;:&quot;&quot;,&quot;jet_parallax_layout_bg_x_mobile&quot;:&quot;&quot;,&quot;jet_parallax_layout_bg_y&quot;:50,&quot;jet_parallax_layout_bg_y_tablet&quot;:&quot;&quot;,&quot;jet_parallax_layout_bg_y_mobile&quot;:&quot;&quot;,&quot;jet_parallax_layout_bg_size&quot;:&quot;auto&quot;,&quot;jet_parallax_layout_bg_size_tablet&quot;:&quot;&quot;,&quot;jet_parallax_layout_bg_size_mobile&quot;:&quot;&quot;,&quot;jet_parallax_layout_animation_prop&quot;:&quot;transform&quot;,&quot;jet_parallax_layout_on&quot;:[&quot;desktop&quot;,&quot;tablet&quot;]}]}\">\n\t\t\t\t\t\t<div class=\"elementor-container elementor-column-gap-default\">\n\t\t\t\t\t<div class=\"elementor-column elementor-col-100 elementor-top-column elementor-element elementor-element-03873e3\" data-id=\"03873e3\" data-element_type=\"column\">\n\t\t\t<div class=\"elementor-widget-wrap elementor-element-populated\">\n\t\t\t\t\t\t<div class=\"elementor-element elementor-element-7f7bf8a elementor-widget elementor-widget-image\" data-id=\"7f7bf8a\" data-element_type=\"widget\" data-widget_type=\"image.default\">\n\t\t\t\t<div class=\"elementor-widget-container\">\n\t\t\t\t\t\t\t\t\t\t\t\t\t<img fetchpriority=\"high\" decoding=\"async\" width=\"2560\" height=\"1440\" src=\"https:\/\/www.ventrada.de\/wp-content\/uploads\/2021\/02\/Fotolia_94353427_L-scaled.jpg\" class=\"attachment-full size-full wp-image-4214\" alt=\"\" srcset=\"https:\/\/www.ventrada.de\/wp-content\/uploads\/2021\/02\/Fotolia_94353427_L-scaled.jpg 2560w, https:\/\/www.ventrada.de\/wp-content\/uploads\/2021\/02\/Fotolia_94353427_L-300x169.jpg 300w, https:\/\/www.ventrada.de\/wp-content\/uploads\/2021\/02\/Fotolia_94353427_L-1024x576.jpg 1024w, https:\/\/www.ventrada.de\/wp-content\/uploads\/2021\/02\/Fotolia_94353427_L-768x432.jpg 768w, https:\/\/www.ventrada.de\/wp-content\/uploads\/2021\/02\/Fotolia_94353427_L-1536x864.jpg 1536w, https:\/\/www.ventrada.de\/wp-content\/uploads\/2021\/02\/Fotolia_94353427_L-2048x1152.jpg 2048w, https:\/\/www.ventrada.de\/wp-content\/uploads\/2021\/02\/Fotolia_94353427_L-150x85.jpg 150w, https:\/\/www.ventrada.de\/wp-content\/uploads\/2021\/02\/Fotolia_94353427_L-1920x1080.jpg 1920w, https:\/\/www.ventrada.de\/wp-content\/uploads\/2021\/02\/Fotolia_94353427_L-600x338.jpg 600w\" sizes=\"(max-width: 2560px) 100vw, 2560px\" \/>\t\t\t\t\t\t\t\t\t\t\t\t\t<\/div>\n\t\t\t\t<\/div>\n\t\t\t\t\t<\/div>\n\t\t<\/div>\n\t\t\t\t\t<\/div>\n\t\t<\/section>\n\t\t\t\t<section class=\"elementor-section elementor-top-section elementor-element elementor-element-4df43ab elementor-section-boxed elementor-section-height-default elementor-section-height-default\" data-id=\"4df43ab\" data-element_type=\"section\" data-settings=\"{&quot;jet_parallax_layout_list&quot;:[{&quot;jet_parallax_layout_image&quot;:{&quot;url&quot;:&quot;&quot;,&quot;id&quot;:&quot;&quot;,&quot;size&quot;:&quot;&quot;},&quot;_id&quot;:&quot;1d8bf2c&quot;,&quot;jet_parallax_layout_image_tablet&quot;:{&quot;url&quot;:&quot;&quot;,&quot;id&quot;:&quot;&quot;,&quot;size&quot;:&quot;&quot;},&quot;jet_parallax_layout_image_mobile&quot;:{&quot;url&quot;:&quot;&quot;,&quot;id&quot;:&quot;&quot;,&quot;size&quot;:&quot;&quot;},&quot;jet_parallax_layout_speed&quot;:{&quot;unit&quot;:&quot;%&quot;,&quot;size&quot;:50,&quot;sizes&quot;:[]},&quot;jet_parallax_layout_type&quot;:&quot;scroll&quot;,&quot;jet_parallax_layout_direction&quot;:null,&quot;jet_parallax_layout_fx_direction&quot;:null,&quot;jet_parallax_layout_z_index&quot;:&quot;&quot;,&quot;jet_parallax_layout_bg_x&quot;:50,&quot;jet_parallax_layout_bg_x_tablet&quot;:&quot;&quot;,&quot;jet_parallax_layout_bg_x_mobile&quot;:&quot;&quot;,&quot;jet_parallax_layout_bg_y&quot;:50,&quot;jet_parallax_layout_bg_y_tablet&quot;:&quot;&quot;,&quot;jet_parallax_layout_bg_y_mobile&quot;:&quot;&quot;,&quot;jet_parallax_layout_bg_size&quot;:&quot;auto&quot;,&quot;jet_parallax_layout_bg_size_tablet&quot;:&quot;&quot;,&quot;jet_parallax_layout_bg_size_mobile&quot;:&quot;&quot;,&quot;jet_parallax_layout_animation_prop&quot;:&quot;transform&quot;,&quot;jet_parallax_layout_on&quot;:[&quot;desktop&quot;,&quot;tablet&quot;]}]}\">\n\t\t\t\t\t\t<div class=\"elementor-container elementor-column-gap-default\">\n\t\t\t\t\t<div class=\"elementor-column elementor-col-100 elementor-top-column elementor-element elementor-element-af9733f\" data-id=\"af9733f\" data-element_type=\"column\">\n\t\t\t<div class=\"elementor-widget-wrap elementor-element-populated\">\n\t\t\t\t\t\t<div class=\"elementor-element elementor-element-5b6275e elementor-widget elementor-widget-heading\" data-id=\"5b6275e\" data-element_type=\"widget\" data-widget_type=\"heading.default\">\n\t\t\t\t<div class=\"elementor-widget-container\">\n\t\t\t<h1 class=\"elementor-heading-title elementor-size-default\">Proyectos en curso<\/h1>\t\t<\/div>\n\t\t\t\t<\/div>\n\t\t\t\t<div class=\"elementor-element elementor-element-0535956 elementor-widget elementor-widget-jet-portfolio\" data-id=\"0535956\" data-element_type=\"widget\" data-settings=\"{&quot;columns_tablet&quot;:&quot;3&quot;,&quot;columns_mobile&quot;:&quot;1&quot;,&quot;columns&quot;:3}\" data-widget_type=\"jet-portfolio.default\">\n\t\t\t\t<div class=\"elementor-widget-container\">\n\t\t\t<div class=\"elementor-jet-portfolio jet-elements\">\n<div class=\"jet-portfolio layout-type-grid preset-type-2 layout-desktop-column-3 layout-tablet-column-3 layout-mobile-column-1\" data-settings=\"{&quot;layoutType&quot;:&quot;grid&quot;,&quot;perPage&quot;:6}\"><div class=\"jet-portfolio__filter\"><div class=\"jet-portfolio__filter-list\"><div class=\"jet-portfolio__filter-item active\" data-slug=\"all\"><span>Mostrar todos<\/span><\/div><div class=\"jet-portfolio__filter-item\" data-slug=\"interes-de-adquisicion\"><span>Inter\u00e9s de adquisici\u00f3n<\/span><\/div><div class=\"jet-portfolio__filter-item\" data-slug=\"sucesion-empresarial\"><span>Sucesi\u00f3n empresarial<\/span><\/div><\/div><\/div><div class=\"jet-portfolio__list\"><article class=\"jet-portfolio__item visible-status\" data-slug=\"{&quot;0&quot;:&quot;all&quot;,&quot;1&quot;:&quot;interes-de-adquisicion&quot;}\">\n\t<div class=\"jet-portfolio__inner\">\n\t\t<a class=\"jet-portfolio__link \" target=\"\" rel=\"\" href=\"proteccion\">\n\t\t\t<div class=\"jet-portfolio__image\">\n\t\t\t\t<img loading=\"lazy\" decoding=\"async\" class=\"jet-portfolio__image-instance\" src=\"https:\/\/www.ventrada.de\/wp-content\/uploads\/2021\/02\/Fotolia_41335779_L.jpg\" width=\"2356\" height=\"1571\"  alt=\"\" loading=\"lazy\">\t\t\t\t<div class=\"jet-portfolio__image-loader\"><span><\/span><\/div>\n\n\t\t\t\t\t\t\t\t\t<div class=\"jet-portfolio__cover\"><\/div>\n\t\t\t\t\t\t\t<\/div>\n\t\t<\/a>\n\t\t<div class=\"jet-portfolio__content\">\n\t\t\t<div class=\"jet-portfolio__content-inner\"><h4 class=\"jet-portfolio__title\">inversor estrat\u00e9gico<\/h4><p class=\"jet-portfolio__desc\">Regi\u00f3n DACH \/ UE<br>\nProtecci\u00f3n contra incendios<br>\nEBIT 0,2-10 millones de euros<br>\nParticipaci\u00f3n mayoritaria<\/p><\/div>\n\t\t<\/div>\n\t<\/div>\n<\/article><article class=\"jet-portfolio__item visible-status\" data-slug=\"{&quot;0&quot;:&quot;all&quot;,&quot;1&quot;:&quot;interes-de-adquisicion&quot;}\">\n\t<div class=\"jet-portfolio__inner\">\n\t\t<a class=\"jet-portfolio__link \" target=\"\" rel=\"\" href=\"Inversor-MBI\">\n\t\t\t<div class=\"jet-portfolio__image\">\n\t\t\t\t<img loading=\"lazy\" decoding=\"async\" class=\"jet-portfolio__image-instance\" src=\"https:\/\/www.ventrada.de\/wp-content\/uploads\/2021\/02\/Fotolia_41335779_L.jpg\" width=\"2356\" height=\"1571\"  alt=\"\" loading=\"lazy\">\t\t\t\t<div class=\"jet-portfolio__image-loader\"><span><\/span><\/div>\n\n\t\t\t\t\t\t\t\t\t<div class=\"jet-portfolio__cover\"><\/div>\n\t\t\t\t\t\t\t<\/div>\n\t\t<\/a>\n\t\t<div class=\"jet-portfolio__content\">\n\t\t\t<div class=\"jet-portfolio__content-inner\"><h4 class=\"jet-portfolio__title\">Inversor en MBI<\/h4><p class=\"jet-portfolio__desc\">Localizaci\u00f3n Regi\u00f3n DACH<br>\nMedianas empresas manufactureras<br>\nFacturaci\u00f3n entre 5 y 40 millones de euros<br>\nEBITDA 1-5 millones EUR<\/p><\/div>\n\t\t<\/div>\n\t<\/div>\n<\/article><article class=\"jet-portfolio__item visible-status\" data-slug=\"{&quot;0&quot;:&quot;all&quot;,&quot;1&quot;:&quot;interes-de-adquisicion&quot;}\">\n\t<div class=\"jet-portfolio__inner\">\n\t\t<a class=\"jet-portfolio__link \" target=\"\" rel=\"\" href=\"MBI-OP\">\n\t\t\t<div class=\"jet-portfolio__image\">\n\t\t\t\t<img loading=\"lazy\" decoding=\"async\" class=\"jet-portfolio__image-instance\" src=\"https:\/\/www.ventrada.de\/wp-content\/uploads\/2021\/02\/Fotolia_41335779_L.jpg\" width=\"2356\" height=\"1571\"  alt=\"\" loading=\"lazy\">\t\t\t\t<div class=\"jet-portfolio__image-loader\"><span><\/span><\/div>\n\n\t\t\t\t\t\t\t\t\t<div class=\"jet-portfolio__cover\"><\/div>\n\t\t\t\t\t\t\t<\/div>\n\t\t<\/a>\n\t\t<div class=\"jet-portfolio__content\">\n\t\t\t<div class=\"jet-portfolio__content-inner\"><h4 class=\"jet-portfolio__title\">Operativa MBI<\/h4><p class=\"jet-portfolio__desc\">Localizaci\u00f3n Alemania<br>\nProducci\u00f3n \/ Qu\u00edmica \/ Sanidad \/ Comercio<br>\nFacturaci\u00f3n 1-30 millones de euros<br>\nMargen EBIT > 10%.<\/p><\/div>\n\t\t<\/div>\n\t<\/div>\n<\/article><article class=\"jet-portfolio__item visible-status\" data-slug=\"{&quot;0&quot;:&quot;all&quot;,&quot;1&quot;:&quot;interes-de-adquisicion&quot;}\">\n\t<div class=\"jet-portfolio__inner\">\n\t\t<a class=\"jet-portfolio__link \" target=\"\" rel=\"\" href=\"Software\">\n\t\t\t<div class=\"jet-portfolio__image\">\n\t\t\t\t<img loading=\"lazy\" decoding=\"async\" class=\"jet-portfolio__image-instance\" src=\"https:\/\/www.ventrada.de\/wp-content\/uploads\/2021\/02\/AdobeStock_220035857-scaled.jpeg\" width=\"2560\" height=\"1707\"  alt=\"\" loading=\"lazy\">\t\t\t\t<div class=\"jet-portfolio__image-loader\"><span><\/span><\/div>\n\n\t\t\t\t\t\t\t\t\t<div class=\"jet-portfolio__cover\"><\/div>\n\t\t\t\t\t\t\t<\/div>\n\t\t<\/a>\n\t\t<div class=\"jet-portfolio__content\">\n\t\t\t<div class=\"jet-portfolio__content-inner\"><h4 class=\"jet-portfolio__title\">Inversiones en software<\/h4><p class=\"jet-portfolio__desc\">Ubicaci\u00f3n Regi\u00f3n DACH<br>\nSoftware para mercados verticales<br>\nComplementos<br>\nParticipaci\u00f3n mayoritaria<\/p><\/div>\n\t\t<\/div>\n\t<\/div>\n<\/article><article class=\"jet-portfolio__item visible-status\" data-slug=\"{&quot;0&quot;:&quot;all&quot;,&quot;1&quot;:&quot;sucesion-empresarial&quot;}\">\n\t<div class=\"jet-portfolio__inner\">\n\t\t<a class=\"jet-portfolio__link \" target=\"\" rel=\"\" href=\"Saalburg\">\n\t\t\t<div class=\"jet-portfolio__image\">\n\t\t\t\t<img loading=\"lazy\" decoding=\"async\" class=\"jet-portfolio__image-instance\" src=\"https:\/\/www.ventrada.de\/wp-content\/uploads\/2024\/04\/Maerchenwald-Collage.jpg\" width=\"2452\" height=\"2352\"  alt=\"Unternehmensverkauf 2024\" loading=\"lazy\">\t\t\t\t<div class=\"jet-portfolio__image-loader\"><span><\/span><\/div>\n\n\t\t\t\t\t\t\t\t\t<div class=\"jet-portfolio__cover\"><\/div>\n\t\t\t\t\t\t\t<\/div>\n\t\t<\/a>\n\t\t<div class=\"jet-portfolio__content\">\n\t\t\t<div class=\"jet-portfolio__content-inner\"><h4 class=\"jet-portfolio__title\">Parque de Atracciones<\/h4><p class=\"jet-portfolio__desc\">Situado en la Regi\u00f3n Alemana de Turingia<br>Hasta 40.000 visitantes al a\u00f1o<br>Buenas cifras de negocio<br>Venta completa<\/p><\/div>\n\t\t<\/div>\n\t<\/div>\n<\/article><\/div><\/div>\n<\/div>\t\t<\/div>\n\t\t\t\t<\/div>\n\t\t\t\t\t<\/div>\n\t\t<\/div>\n\t\t\t\t\t<\/div>\n\t\t<\/section>\n\t\t\t\t<\/div>\n\t\t","protected":false},"excerpt":{"rendered":"<p>Proyectos en curso Mostrar todosInter\u00e9s de adquisici\u00f3nSucesi\u00f3n empresarial inversor estrat\u00e9gico Regi\u00f3n DACH \/ UE Protecci\u00f3n contra incendios EBIT 0,2-10 millones de euros Participaci\u00f3n mayoritaria Inversor en MBI Localizaci\u00f3n Regi\u00f3n DACH Medianas empresas manufactureras Facturaci\u00f3n entre 5 y 40 millones de euros EBITDA 1-5 millones EUR Operativa MBI Localizaci\u00f3n Alemania Producci\u00f3n \/ Qu\u00edmica \/ Sanidad \/ [&hellip;]<\/p>\n","protected":false},"author":3,"featured_media":0,"parent":0,"menu_order":0,"comment_status":"closed","ping_status":"closed","template":"page-templates\/fullwidth-content.php","meta":{"_jet_sm_ready_style":"","_jet_sm_style":"","_jet_sm_controls_values":"","_jet_sm_fonts_collection":"","_jet_sm_fonts_links":"","footnotes":""},"class_list":["post-4270","page","type-page","status-publish","hentry"],"yoast_head":"<!-- This site is optimized with the Yoast SEO plugin v23.0 - https:\/\/yoast.com\/wordpress\/plugins\/seo\/ -->\n<title>Operaciones en Curso<\/title>\n<meta name=\"description\" content=\"B\u00fasqueda de inversores. Venta de empresas. Ampliaciones de capital de start-ups tecnol\u00f3gicas.\" \/>\n<meta name=\"robots\" content=\"index, follow, max-snippet:-1, max-image-preview:large, max-video-preview:-1\" \/>\n<link rel=\"canonical\" href=\"https:\/\/www.ventrada.de\/es\/operaciones\/\" \/>\n<meta property=\"og:locale\" content=\"es_ES\" \/>\n<meta property=\"og:type\" content=\"article\" \/>\n<meta property=\"og:title\" content=\"Operaciones en Curso\" \/>\n<meta property=\"og:description\" content=\"B\u00fasqueda de inversores. Venta de empresas. Ampliaciones de capital de start-ups tecnol\u00f3gicas.\" \/>\n<meta property=\"og:url\" content=\"https:\/\/www.ventrada.de\/es\/operaciones\/\" \/>\n<meta property=\"og:site_name\" content=\"VENTRADA Corporate Finance GmbH\" \/>\n<meta property=\"article:modified_time\" content=\"2025-02-26T19:00:46+00:00\" \/>\n<meta property=\"og:image\" content=\"https:\/\/www.ventrada.de\/wp-content\/uploads\/2021\/02\/Fotolia_94353427_L-scaled.jpg\" \/>\n<meta name=\"twitter:card\" content=\"summary_large_image\" \/>\n<meta name=\"twitter:label1\" content=\"Tiempo de lectura\" \/>\n\t<meta name=\"twitter:data1\" content=\"2 minutos\" \/>\n<script type=\"application\/ld+json\" class=\"yoast-schema-graph\">{\"@context\":\"https:\/\/schema.org\",\"@graph\":[{\"@type\":\"WebPage\",\"@id\":\"https:\/\/www.ventrada.de\/es\/operaciones\/\",\"url\":\"https:\/\/www.ventrada.de\/es\/operaciones\/\",\"name\":\"Operaciones en Curso\",\"isPartOf\":{\"@id\":\"https:\/\/www.ventrada.de\/#website\"},\"primaryImageOfPage\":{\"@id\":\"https:\/\/www.ventrada.de\/es\/operaciones\/#primaryimage\"},\"image\":{\"@id\":\"https:\/\/www.ventrada.de\/es\/operaciones\/#primaryimage\"},\"thumbnailUrl\":\"https:\/\/www.ventrada.de\/wp-content\/uploads\/2021\/02\/Fotolia_94353427_L-scaled.jpg\",\"datePublished\":\"2021-03-18T08:06:15+00:00\",\"dateModified\":\"2025-02-26T19:00:46+00:00\",\"description\":\"B\u00fasqueda de inversores. Venta de empresas. Ampliaciones de capital de start-ups tecnol\u00f3gicas.\",\"breadcrumb\":{\"@id\":\"https:\/\/www.ventrada.de\/es\/operaciones\/#breadcrumb\"},\"inLanguage\":\"es\",\"potentialAction\":[{\"@type\":\"ReadAction\",\"target\":[\"https:\/\/www.ventrada.de\/es\/operaciones\/\"]}]},{\"@type\":\"ImageObject\",\"inLanguage\":\"es\",\"@id\":\"https:\/\/www.ventrada.de\/es\/operaciones\/#primaryimage\",\"url\":\"https:\/\/www.ventrada.de\/wp-content\/uploads\/2021\/02\/Fotolia_94353427_L-scaled.jpg\",\"contentUrl\":\"https:\/\/www.ventrada.de\/wp-content\/uploads\/2021\/02\/Fotolia_94353427_L-scaled.jpg\"},{\"@type\":\"BreadcrumbList\",\"@id\":\"https:\/\/www.ventrada.de\/es\/operaciones\/#breadcrumb\",\"itemListElement\":[{\"@type\":\"ListItem\",\"position\":1,\"name\":\"Startseite\",\"item\":\"https:\/\/www.ventrada.de\/es\/\"},{\"@type\":\"ListItem\",\"position\":2,\"name\":\"Operaciones en Curso\"}]},{\"@type\":\"WebSite\",\"@id\":\"https:\/\/www.ventrada.de\/#website\",\"url\":\"https:\/\/www.ventrada.de\/\",\"name\":\"VENTRADA Corporate Finance GmbH\",\"description\":\"M&amp;A Beratung\",\"potentialAction\":[{\"@type\":\"SearchAction\",\"target\":{\"@type\":\"EntryPoint\",\"urlTemplate\":\"https:\/\/www.ventrada.de\/?s={search_term_string}\"},\"query-input\":\"required name=search_term_string\"}],\"inLanguage\":\"es\"}]}<\/script>\n<!-- \/ Yoast SEO plugin. -->","yoast_head_json":{"title":"Operaciones en Curso","description":"B\u00fasqueda de inversores. Venta de empresas. Ampliaciones de capital de start-ups tecnol\u00f3gicas.","robots":{"index":"index","follow":"follow","max-snippet":"max-snippet:-1","max-image-preview":"max-image-preview:large","max-video-preview":"max-video-preview:-1"},"canonical":"https:\/\/www.ventrada.de\/es\/operaciones\/","og_locale":"es_ES","og_type":"article","og_title":"Operaciones en Curso","og_description":"B\u00fasqueda de inversores. Venta de empresas. Ampliaciones de capital de start-ups tecnol\u00f3gicas.","og_url":"https:\/\/www.ventrada.de\/es\/operaciones\/","og_site_name":"VENTRADA Corporate Finance GmbH","article_modified_time":"2025-02-26T19:00:46+00:00","og_image":[{"url":"https:\/\/www.ventrada.de\/wp-content\/uploads\/2021\/02\/Fotolia_94353427_L-scaled.jpg"}],"twitter_card":"summary_large_image","twitter_misc":{"Tiempo de lectura":"2 minutos"},"schema":{"@context":"https:\/\/schema.org","@graph":[{"@type":"WebPage","@id":"https:\/\/www.ventrada.de\/es\/operaciones\/","url":"https:\/\/www.ventrada.de\/es\/operaciones\/","name":"Operaciones en Curso","isPartOf":{"@id":"https:\/\/www.ventrada.de\/#website"},"primaryImageOfPage":{"@id":"https:\/\/www.ventrada.de\/es\/operaciones\/#primaryimage"},"image":{"@id":"https:\/\/www.ventrada.de\/es\/operaciones\/#primaryimage"},"thumbnailUrl":"https:\/\/www.ventrada.de\/wp-content\/uploads\/2021\/02\/Fotolia_94353427_L-scaled.jpg","datePublished":"2021-03-18T08:06:15+00:00","dateModified":"2025-02-26T19:00:46+00:00","description":"B\u00fasqueda de inversores. Venta de empresas. Ampliaciones de capital de start-ups tecnol\u00f3gicas.","breadcrumb":{"@id":"https:\/\/www.ventrada.de\/es\/operaciones\/#breadcrumb"},"inLanguage":"es","potentialAction":[{"@type":"ReadAction","target":["https:\/\/www.ventrada.de\/es\/operaciones\/"]}]},{"@type":"ImageObject","inLanguage":"es","@id":"https:\/\/www.ventrada.de\/es\/operaciones\/#primaryimage","url":"https:\/\/www.ventrada.de\/wp-content\/uploads\/2021\/02\/Fotolia_94353427_L-scaled.jpg","contentUrl":"https:\/\/www.ventrada.de\/wp-content\/uploads\/2021\/02\/Fotolia_94353427_L-scaled.jpg"},{"@type":"BreadcrumbList","@id":"https:\/\/www.ventrada.de\/es\/operaciones\/#breadcrumb","itemListElement":[{"@type":"ListItem","position":1,"name":"Startseite","item":"https:\/\/www.ventrada.de\/es\/"},{"@type":"ListItem","position":2,"name":"Operaciones en Curso"}]},{"@type":"WebSite","@id":"https:\/\/www.ventrada.de\/#website","url":"https:\/\/www.ventrada.de\/","name":"VENTRADA Corporate Finance GmbH","description":"M&amp;A Beratung","potentialAction":[{"@type":"SearchAction","target":{"@type":"EntryPoint","urlTemplate":"https:\/\/www.ventrada.de\/?s={search_term_string}"},"query-input":"required name=search_term_string"}],"inLanguage":"es"}]}},"_links":{"self":[{"href":"https:\/\/www.ventrada.de\/es\/wp-json\/wp\/v2\/pages\/4270","targetHints":{"allow":["GET"]}}],"collection":[{"href":"https:\/\/www.ventrada.de\/es\/wp-json\/wp\/v2\/pages"}],"about":[{"href":"https:\/\/www.ventrada.de\/es\/wp-json\/wp\/v2\/types\/page"}],"author":[{"embeddable":true,"href":"https:\/\/www.ventrada.de\/es\/wp-json\/wp\/v2\/users\/3"}],"replies":[{"embeddable":true,"href":"https:\/\/www.ventrada.de\/es\/wp-json\/wp\/v2\/comments?post=4270"}],"version-history":[{"count":10,"href":"https:\/\/www.ventrada.de\/es\/wp-json\/wp\/v2\/pages\/4270\/revisions"}],"predecessor-version":[{"id":6491,"href":"https:\/\/www.ventrada.de\/es\/wp-json\/wp\/v2\/pages\/4270\/revisions\/6491"}],"wp:attachment":[{"href":"https:\/\/www.ventrada.de\/es\/wp-json\/wp\/v2\/media?parent=4270"}],"curies":[{"name":"wp","href":"https:\/\/api.w.org\/{rel}","templated":true}]}}